{"id":1334,"date":"2025-08-28T08:00:18","date_gmt":"2025-08-28T06:00:18","guid":{"rendered":"https:\/\/www.artofflight.ch\/site\/?page_id=1334"},"modified":"2025-09-07T02:44:27","modified_gmt":"2025-09-07T00:44:27","slug":"categories","status":"publish","type":"page","link":"https:\/\/www.artofflight.ch\/site\/categories\/","title":{"rendered":"Cat\u00e9gories"},"content":{"rendered":"<p><!-- Creatools: super simple categories block (inline styles only) --><\/p>\n<div style=\"max-width: 1100px; margin: 0 auto; padding: 16px 16px; background: #0f0f13; color: #e9ecf1; border-radius: 14px;\">\n<h2 style=\"margin: 5px 5px -12px 5px!important; font-size: 28px; line-height: 1.2; font-weight: 800;\">Les arts de l\u2019univers <span style=\"color: #7b5cff;\">ARTOFFLIGHT<\/span><\/h2>\n<p>Voici la liste des cat\u00e9gories et sous-cat\u00e9gories qui vous sont propos\u00e9es sur notre site &#8211; sachant que cette liste est bien s\u00fbr destin\u00e9e \u00e0 s&rsquo;agrandir de plus en plus avec le temps.<\/p>\n<p><!-- Cards wrapper --><\/p>\n<div style=\"display: flex; flex-wrap: wrap; gap: 0px;\">\n<p><!-- Musique --><\/p>\n<div style=\"flex: 1 1 260px; background: #161821; border: 1px solid rgba(255,255,255,0.06); border-radius: 12px; padding: 14px; margin: 5px;\">\n<div style=\"display: flex; align-items: center; gap: 10px; margin-bottom: 8px;\">\n<div style=\"width: 42px; height: 42px; border-radius: 50%; display: flex; align-items: center; justify-content: center; background: linear-gradient(135deg,#7b5cff,#2dd4bf);\"><!-- Use Instagram\/WordPress emoji SVG (headphone) and force it white for contrast --><br \/>\n<img decoding=\"async\" style=\"width: 24px; height: 24px; display: block; filter: brightness(0) invert(1);\" src=\"https:\/\/s.w.org\/images\/core\/emoji\/16.0.1\/svg\/1f3a7.svg\" alt=\"\" \/><\/div>\n<h3 style=\"margin: 0; font-size: 18px;\">MUSIQUE<\/h3>\n<\/div>\n<ul style=\"list-style: none; margin: 8px 0 0 0; padding: 0;\">\n<li style=\"padding: 6px 0; display: flex; gap: 8px; align-items: center; opacity: .95;\">\ud83c\udfa4 Chanson<\/li>\n<li style=\"padding: 6px 0; display: flex; gap: 8px; align-items: center; opacity: .95;\">\ud83d\udcbf DJ<\/li>\n<li style=\"padding: 6px 0; display: flex; gap: 8px; align-items: center; opacity: .95;\">\ud83c\udfb8 Instrument<\/li>\n<li style=\"padding: 6px 0; display: flex; gap: 8px; align-items: center; opacity: .95;\">\ud83c\udfa7 Production<\/li>\n<\/ul>\n<\/div>\n<p><!-- Arts visuels --><\/p>\n<div style=\"flex: 1 1 260px; background: #161821; border: 1px solid rgba(255,255,255,0.06); border-radius: 12px; padding: 14px; margin: 5px;\">\n<div style=\"display: flex; align-items: center; gap: 10px; margin-bottom: 8px;\">\n<div style=\"width: 42px; height: 42px; border-radius: 50%; display: flex; align-items: center; justify-content: center; background: linear-gradient(135deg,#7b5cff,#2dd4bf); font-size: 20px;\">\ud83c\udfa8<\/div>\n<h3 style=\"margin: 0; font-size: 18px;\">ARTS VISUELS<\/h3>\n<\/div>\n<ul style=\"list-style: none; margin: 8px 0 0 0; padding: 0;\">\n<li style=\"padding: 6px 0; display: flex; gap: 8px; align-items: center; opacity: .95;\">\ud83e\udeb6 Linogravure<\/li>\n<li style=\"padding: 6px 0; display: flex; gap: 8px; align-items: center; opacity: .95;\">\ud83d\udd8c\ufe0f Peinture<\/li>\n<li style=\"padding: 6px 0; display: flex; gap: 8px; align-items: center; opacity: .95;\">\ud83d\udcf7 Photo<\/li>\n<li style=\"padding: 6px 0; display: flex; gap: 8px; align-items: center; opacity: .95;\">\u2712\ufe0f Tatouage<\/li>\n<li style=\"padding: 6px 0; display: flex; gap: 8px; align-items: center; opacity: .95;\">\ud83d\udc8e Verre cass\u00e9<\/li>\n<li style=\"padding: 6px 0; display: flex; gap: 8px; align-items: center; opacity: .95;\">\ud83c\udfa5 Vid\u00e9o<\/li>\n<\/ul>\n<\/div>\n<p><!-- Artisanat & Design --><\/p>\n<div style=\"flex: 1 1 260px; background: #161821; border: 1px solid rgba(255,255,255,0.06); border-radius: 12px; padding: 14px; margin: 5px;\">\n<div style=\"display: flex; align-items: center; gap: 10px; margin-bottom: 8px;\">\n<div style=\"width: 42px; height: 42px; border-radius: 50%; display: flex; align-items: center; justify-content: center; background: linear-gradient(135deg,#7b5cff,#2dd4bf); font-size: 20px;\">\ud83d\udee0\ufe0f<\/div>\n<h3 style=\"margin: 0; font-size: 18px;\">ARTISANAT &amp; DESIGN<\/h3>\n<\/div>\n<ul style=\"list-style: none; margin: 8px 0 0 0; padding: 0;\">\n<li style=\"padding: 6px 0; display: flex; gap: 8px; align-items: center; opacity: .95;\">\ud83d\udd2a Coutellerie d&rsquo;art<\/li>\n<li style=\"padding: 6px 0; display: flex; gap: 8px; align-items: center; opacity: .95;\">\ud83e\udde2 Custom casquette<\/li>\n<li style=\"padding: 6px 0; display: flex; gap: 8px; align-items: center; opacity: .95;\">\ud83d\udc56 Custom jeans<\/li>\n<li style=\"padding: 6px 0; display: flex; gap: 8px; align-items: center; opacity: .95;\">\u267b\ufe0f Upcycling<\/li>\n<\/ul>\n<\/div>\n<p><!-- Arts vivants --><\/p>\n<div style=\"flex: 1 1 100%; background: #161821; border: 1px solid rgba(255,255,255,0.06); border-radius: 12px; padding: 14px; margin: 5px;\">\n<div style=\"display: flex; align-items: center; gap: 10px; margin-bottom: 8px;\">\n<div style=\"width: 42px; height: 42px; border-radius: 50%; display: flex; align-items: center; justify-content: center; background: linear-gradient(135deg,#7b5cff,#2dd4bf); font-size: 20px;\">\ud83c\udfad<\/div>\n<h3 style=\"margin: 0; font-size: 18px;\">ARTS VIVANTS<\/h3>\n<\/div>\n<ul style=\"list-style: none; margin: 8px 0 0 0; padding: 0;\">\n<li style=\"padding: 6px 0; display: flex; gap: 8px; align-items: center; opacity: .95;\">\ud83e\ude70 Danse<\/li>\n<\/ul>\n<\/div>\n<p><!-- Styles musicaux (tags) --><\/p>\n<div style=\"flex: 1 1 100%; background: #161821; border: 1px solid rgba(255,255,255,0.06); border-radius: 12px; padding: 14px; margin: 5px;\">\n<div style=\"display: flex; align-items: center; gap: 10px; margin-bottom: 8px;\">\n<div style=\"width: 42px; height: 42px; border-radius: 50%; display: flex; align-items: center; justify-content: center; background: linear-gradient(135deg,#7b5cff,#2dd4bf); font-size: 20px;\">\ud83c\udfbc<\/div>\n<h3 style=\"margin: 0; font-size: 18px;\">STYLES MUSICAUX<\/h3>\n<\/div>\n<p><!-- Tag list --><\/p>\n<ul style=\"list-style: none; margin: 8px 0 0 0; padding: 0; display: flex; flex-wrap: wrap; gap: 8px;\">\n<li style=\"display: inline-block; border: 1px solid rgba(255,255,255,0.25); border-radius: 3px; padding: 6px 10px; line-height: 1;\">Afro<\/li>\n<li style=\"display: inline-block; border: 1px solid rgba(255,255,255,0.25); border-radius: 3px; padding: 6px 10px; line-height: 1;\">Blues<\/li>\n<li style=\"display: inline-block; border: 1px solid rgba(255,255,255,0.25); border-radius: 3px; padding: 6px 10px; line-height: 1;\">Funk<\/li>\n<li style=\"display: inline-block; border: 1px solid rgba(255,255,255,0.25); border-radius: 3px; padding: 6px 10px; line-height: 1;\">Gospel R&amp;B<\/li>\n<li style=\"display: inline-block; border: 1px solid rgba(255,255,255,0.25); border-radius: 3px; padding: 6px 10px; line-height: 1;\">Hip Hop<\/li>\n<li style=\"display: inline-block; border: 1px solid rgba(255,255,255,0.25); border-radius: 3px; padding: 6px 10px; line-height: 1;\">Rap<\/li>\n<li style=\"display: inline-block; border: 1px solid rgba(255,255,255,0.25); border-radius: 3px; padding: 6px 10px; line-height: 1;\">Rap exp\u00e9rimental<\/li>\n<li style=\"display: inline-block; border: 1px solid rgba(255,255,255,0.25); border-radius: 3px; padding: 6px 10px; line-height: 1;\">Rap m\u00e9lancolique<\/li>\n<li style=\"display: inline-block; border: 1px solid rgba(255,255,255,0.25); border-radius: 3px; padding: 6px 10px; line-height: 1;\">R&amp;B<\/li>\n<li style=\"display: inline-block; border: 1px solid rgba(255,255,255,0.25); border-radius: 3px; padding: 6px 10px; line-height: 1;\">R&amp;B Love<\/li>\n<li style=\"display: inline-block; border: 1px solid rgba(255,255,255,0.25); border-radius: 3px; padding: 6px 10px; line-height: 1;\">Soul<\/li>\n<li style=\"display: inline-block; border: 1px solid rgba(255,255,255,0.25); border-radius: 3px; padding: 6px 10px; line-height: 1;\">Trap<\/li>\n<\/ul>\n<\/div>\n<\/div>\n<\/div>\n","protected":false},"excerpt":{"rendered":"<p>Les arts de l\u2019univers ARTOFFLIGHT Voici la liste des cat\u00e9gories et sous-cat\u00e9gories qui vous sont propos\u00e9es sur notre site &#8211; sachant que cette liste est bien s\u00fbr destin\u00e9e \u00e0 s&rsquo;agrandir de plus en plus avec le temps. MUSIQUE \ud83c\udfa4 Chanson \ud83d\udcbf DJ \ud83c\udfb8 Instrument \ud83c\udfa7 Production \ud83c\udfa8 ARTS VISUELS \ud83e\udeb6 [&hellip;]<\/p>\n","protected":false},"author":1,"featured_media":0,"parent":0,"menu_order":0,"comment_status":"closed","ping_status":"closed","template":"","meta":{"footnotes":""},"class_list":["post-1334","page","type-page","status-publish","hentry"],"_links":{"self":[{"href":"https:\/\/www.artofflight.ch\/site\/wp-json\/wp\/v2\/pages\/1334","targetHints":{"allow":["GET"]}}],"collection":[{"href":"https:\/\/www.artofflight.ch\/site\/wp-json\/wp\/v2\/pages"}],"about":[{"href":"https:\/\/www.artofflight.ch\/site\/wp-json\/wp\/v2\/types\/page"}],"author":[{"embeddable":true,"href":"https:\/\/www.artofflight.ch\/site\/wp-json\/wp\/v2\/users\/1"}],"replies":[{"embeddable":true,"href":"https:\/\/www.artofflight.ch\/site\/wp-json\/wp\/v2\/comments?post=1334"}],"version-history":[{"count":33,"href":"https:\/\/www.artofflight.ch\/site\/wp-json\/wp\/v2\/pages\/1334\/revisions"}],"predecessor-version":[{"id":1966,"href":"https:\/\/www.artofflight.ch\/site\/wp-json\/wp\/v2\/pages\/1334\/revisions\/1966"}],"wp:attachment":[{"href":"https:\/\/www.artofflight.ch\/site\/wp-json\/wp\/v2\/media?parent=1334"}],"curies":[{"name":"wp","href":"https:\/\/api.w.org\/{rel}","templated":true}]}}