{"id":2275,"date":"2025-09-11T08:00:40","date_gmt":"2025-09-11T06:00:40","guid":{"rendered":"https:\/\/www.artofflight.ch\/site\/?page_id=2275"},"modified":"2025-09-11T19:33:53","modified_gmt":"2025-09-11T17:33:53","slug":"deux-enseignantes-veulent-mettre-en-avant-les-artistes-de-demain","status":"publish","type":"page","link":"https:\/\/www.artofflight.ch\/site\/presse\/deux-enseignantes-veulent-mettre-en-avant-les-artistes-de-demain\/","title":{"rendered":"Deux enseignantes veulent mettre en avant les artistes de demain"},"content":{"rendered":"<p>        <span class=\"category\">Manifestation<\/span><\/p>\n<h3>Nouvel \u00e9v\u00e9nement \u00e0 Estavayer-le-Lac. Deux enseignantes veulent mettre en avant les artistes de demain<\/h3>\n<div class=\"meta\">\n            Par Benjamin Bulliard &#8211; 10 septembre 2025 \u00e0 18:06 &#8211; Temps de lecture : 4 min\n        <\/div>\n<p>        <img decoding=\"async\" style=\"width:100%!important;\" src=\"https:\/\/www.artofflight.ch\/site\/wp-content\/uploads\/2025\/09\/20250911-presse-cover.jpg\" alt=\"Valentina Ruggiero et Bao-Nghi Tuy, deux enseignantes fribourgeoises, lancent ce samedi un \u00e9v\u00e9nement offrant de la visibilit\u00e9 aux jeunes artistes romands.\" class=\"article-image\"><\/p>\n<p>Deux enseignantes, Valentina Ruggiero et Bao-Nghi Tuy, inaugurent ce samedi l\u2019Artofflight \u00e0 la salle de la Prillaz, \u00e0 Estavayer-le-Lac. L\u2019\u00e9v\u00e9nement a l\u2019ambition d\u2019offrir une sc\u00e8ne aux jeunes artistes romands, qu\u2019ils s\u2019expriment par la musique ou par les arts visuels.<\/p>\n<p>\u00abQui t\u2019a dit que la Suisse dormait?\u00bb La question, \u00e0 la fois piquante et stimulante, est pos\u00e9e par l\u2019enseignante primaire bulloise Bao-Nghi Tuy, \u00e9paul\u00e9e par sa cons\u0153ur broyarde Valentina Ruggiero. Amies de longue date, elles conjuguent d\u00e9sormais leurs ambitions pour faire na\u00eetre Artofflight, un projet audacieux qui m\u00eale musique et arts visuels dans un \u00e9lan cr\u00e9atif r\u00e9solument contemporain.<\/p>\n<p>La salle de la Prillaz, \u00e0 Estavayer-le-Lac, vibrera samedi aux sons et aux couleurs d\u2019une vingtaine d\u2019artistes romands aux univers aussi divers que singuliers. \u00abNotre programmation mettra en lumi\u00e8re aussi bien les multiples facettes de la musique urbaine, pr\u00e9sent\u00e9es sous forme de showcases d\u2019une dizaine de minutes, qu\u2019une expression visuelle affranchie, port\u00e9e par une exposition en salle au plus pr\u00e8s des artistes\u00bb, souligne Valentina Ruggiero. \u00abVerre bris\u00e9, linogravure, upcycling: ce sont autant de pratiques insolites, souvent m\u00e9connues du grand public, qui viendront \u00e9largir l\u2019horizon des curieux.\u00bb<\/p>\n<h2>Une visibilit\u00e9 difficile \u00e0 acqu\u00e9rir<\/h2>\n<p>Plus qu\u2019une simple vitrine d\u2019art moderne, Artofflight se veut un tremplin pour des cr\u00e9ateurs encore peu habitu\u00e9s aux projecteurs. Un parti pris qui r\u00e9sonne avec le nom de l\u2019\u00e9v\u00e9nement, n\u00e9 d\u2019un constat personnel amer: il demeure ardu de se faire un nom lorsque l\u2019on est artiste sur sol helv\u00e9tique. \u00abNous n\u2019avons pas forc\u00e9ment d\u2019explication pr\u00e9cise \u00e0 cette situation, regrette Bao-Nghi Tuy, elle-m\u00eame chanteuse de RnB love sous le nom de BAONY. Nous sentons que la Suisse b\u00e9n\u00e9ficie d\u2019un rayonnement artistique bien moindre que la France. En plus des barri\u00e8res de la langue, tout semble prendre plus de temps, et cette lenteur finit par rel\u00e9guer dans l\u2019ombre de jeunes talents qui m\u00e9riteraient d\u2019\u00eatre r\u00e9v\u00e9l\u00e9s.\u00bb<\/p>\n<div class=\"video-container\">\n            <iframe src=\"https:\/\/www.youtube.com\/embed\/FxBAS92lnsI\" frameborder=\"0\" allow=\"accelerometer; autoplay; clipboard-write; encrypted-media; gyroscope; picture-in-picture\" allowfullscreen><\/iframe>\n        <\/div>\n<p>Pour y rem\u00e9dier, les deux amies ont esquiss\u00e9 une formule simple, inspir\u00e9e d\u2019\u00e9v\u00e9nements r\u00e9gionaux comme l\u2019Esteel \u00e0 Bulle ou plus r\u00e9cemment le Portaz Open Air \u00e0 Portalban. Leur ambition: cr\u00e9er un v\u00e9ritable espace d\u2019expression \u00e0 travers un rendez-vous, au caract\u00e8re intimiste, tout en renfor\u00e7ant la pr\u00e9sence num\u00e9rique des artistes retenus. Chaque participant b\u00e9n\u00e9ficie ainsi d\u2019un clip vid\u00e9o d\u2019une minute environ, m\u00ealant br\u00e8ves interviews et extraits, pour d\u00e9voiler son univers et mettre en avant son talent.<\/p>\n<p>Lanc\u00e9 presque \u00e0 t\u00e2tons, le concept a rapidement franchi les fronti\u00e8res cantonales. Le tout premier appel \u00e0 candidatures, publi\u00e9 sur Instagram en mars, a g\u00e9n\u00e9r\u00e9 plus de 300 commentaires en l\u2019espace de quelques semaines seulement \u2013 un succ\u00e8s inattendu pour ses initiatrices. \u00abNous nous attendions \u00e0 quelques partages, mais certainement pas \u00e0 un tel engouement, reconna\u00eet Valentina Ruggiero. Une bonne centaine d\u2019artistes nous ont \u00e9t\u00e9 recommand\u00e9s par des amis ou des proches, et plusieurs nous ont m\u00eame contact\u00e9es directement par message priv\u00e9. C\u2019\u00e9tait incroyable.\u00bb<\/p>\n<h2>Les sponsors manquent \u00e0 l\u2019appel<\/h2>\n<p>Cet engouement a naturellement confort\u00e9 les deux Fribourgeoises dans leur d\u00e9marche. Restait toutefois \u00e0 mettre sur pied ce concept ambitieux, malgr\u00e9 leur manque d\u2019exp\u00e9rience dans l\u2019\u00e9v\u00e9nementiel. \u00abC\u2019\u00e9tait un vrai d\u00e9fi, raconte la Broyarde. Bao a pris en charge la direction artistique, tandis que j\u2019ai assur\u00e9 la communication et le volet organisationnel. Et c\u2019est l\u00e0 que nous avons r\u00e9alis\u00e9 \u00e0 quel point il est difficile de se faire une place dans ce milieu quand on d\u00e9bute.\u00bb<\/p>\n<p>Plus que des proc\u00e9dures \u00e0 r\u00e9p\u00e9tition, Valentina Ruggiero d\u00e9plore surtout la difficult\u00e9 \u00e0 obtenir des soutiens financiers. Une dizaine d\u2019entreprises ont \u00e9t\u00e9 sollicit\u00e9es, sans r\u00e9ponse concluante. Le budget, estim\u00e9 \u00e0 6000 francs, repose donc enti\u00e8rement sur les \u00e9paules des deux enseignantes \u2013 malgr\u00e9 quelques aides pr\u00e9cieuses venues all\u00e9ger la facture. \u00abNous avons pris ce risque avec l\u2019appui de nos proches et de nos amis. Une vingtaine d\u2019entre eux assureront des tranches horaires comme b\u00e9n\u00e9voles, y compris certaines t\u00e2ches de s\u00e9curit\u00e9. Nous avons aussi pu compter sur un monteur vid\u00e9o, Cesare Bordoli, qui a, lui aussi, r\u00e9alis\u00e9 b\u00e9n\u00e9volement la production des clips\u00bb, se r\u00e9jouit Bao-Nghi Tuy.<\/p>\n<h2>Elles nourrissent l\u2019ambition de p\u00e9renniser leur \u00e9v\u00e9nement, jusqu\u2019\u00e0 l\u2019exporter dans d\u2019autres salles \u00e0 travers la Romandie<\/h2>\n<p>Les principaux ingr\u00e9dients \u00e9tant r\u00e9unis, il ne reste plus qu\u2019\u00e0 attirer le public. Une centaine de billets \u00e0 15 francs ont d\u00e9j\u00e0 trouv\u00e9 preneur, sur les quelque 500 places disponibles. Un quota modeste, certes, mais jug\u00e9 encourageant pour une premi\u00e8re \u00e9dition. \u00abNous nous sommes bas\u00e9es sur la capacit\u00e9 de la Prillaz, explique Valentina Ruggiero. Cette estimation nous paraissait raisonnable, au moins pour offrir une certaine visibilit\u00e9 aux artistes programm\u00e9s tout au long de la journ\u00e9e. Nous verrons ensuite si nous parvenons \u00e0 \u00e9quilibrer le budget, entre la billetterie et la petite restauration.\u00bb<\/p>\n<p>En ce sens, les deux Fribourgeoises misent gros sur cette premi\u00e8re \u00e9dition d\u2019Artofflight. Elles nourrissent l\u2019ambition de p\u00e9renniser leur \u00e9v\u00e9nement, jusqu\u2019\u00e0 l\u2019exporter dans d\u2019autres salles \u00e0 travers la Romandie. Les premiers retours d\u2019artistes int\u00e9ress\u00e9s laissent d\u2019ailleurs entrevoir une nouvelle \u00e9dition \u2013 \u00e0 condition, bien s\u00fbr, que le public se laisse lui aussi s\u00e9duire par le concept et les artistes. Le pari est lanc\u00e9.<\/p>\n<h2>Miillyrose, La Haine et Nezma<\/h2>\n<p>C\u2019est une vingtaine d\u2019artistes qui ont inscrit leur nom sur l\u2019affiche de cette premi\u00e8re \u00e9dition d\u2019Artofflight. De 17 h 30 \u00e0 19 h 30, les visiteurs pourront voir le travail notamment de Skaro (photo, vid\u00e9o), Kis (verre cass\u00e9), Kaiva World (peinture) et Crisalie (peinture, linogravure). Les showcases s\u2019encha\u00eeneront ensuite d\u00e8s 20 h. Ce sera l\u2019occasion d\u2019\u00e9couter Miillyrose (un Payernois \u00e9voluant dans la soul et le funk), La Haine (du rap et de la trap venus de Marly), BAONY (du RnB love fa\u00e7onn\u00e9 \u00e0 Bulle), Nezma (du RnB et du hip-hop de Belfaux) et Missgrace (du RnB et de l\u2019afro fabriqu\u00e9s \u00e0 Fribourg). Il y aura \u00e9galement de la danse avec Anh Thu. Vers 22 h 30, DJ Fred\u2019x prendra le relais pour ambiancer la fin de la soir\u00e9e.<\/p>\n","protected":false},"excerpt":{"rendered":"<p>Manifestation Nouvel \u00e9v\u00e9nement \u00e0 Estavayer-le-Lac. Deux enseignantes veulent mettre en avant les artistes de demain Par Benjamin Bulliard &#8211; 10 septembre 2025 \u00e0 18:06 &#8211; Temps de lecture : 4 min Deux enseignantes, Valentina Ruggiero et Bao-Nghi Tuy, inaugurent ce samedi l\u2019Artofflight \u00e0 la salle de la Prillaz, \u00e0 Estavayer-le-Lac. [&hellip;]<\/p>\n","protected":false},"author":1,"featured_media":0,"parent":2288,"menu_order":0,"comment_status":"closed","ping_status":"closed","template":"","meta":{"footnotes":""},"class_list":["post-2275","page","type-page","status-publish","hentry"],"_links":{"self":[{"href":"https:\/\/www.artofflight.ch\/site\/wp-json\/wp\/v2\/pages\/2275","targetHints":{"allow":["GET"]}}],"collection":[{"href":"https:\/\/www.artofflight.ch\/site\/wp-json\/wp\/v2\/pages"}],"about":[{"href":"https:\/\/www.artofflight.ch\/site\/wp-json\/wp\/v2\/types\/page"}],"author":[{"embeddable":true,"href":"https:\/\/www.artofflight.ch\/site\/wp-json\/wp\/v2\/users\/1"}],"replies":[{"embeddable":true,"href":"https:\/\/www.artofflight.ch\/site\/wp-json\/wp\/v2\/comments?post=2275"}],"version-history":[{"count":9,"href":"https:\/\/www.artofflight.ch\/site\/wp-json\/wp\/v2\/pages\/2275\/revisions"}],"predecessor-version":[{"id":2287,"href":"https:\/\/www.artofflight.ch\/site\/wp-json\/wp\/v2\/pages\/2275\/revisions\/2287"}],"up":[{"embeddable":true,"href":"https:\/\/www.artofflight.ch\/site\/wp-json\/wp\/v2\/pages\/2288"}],"wp:attachment":[{"href":"https:\/\/www.artofflight.ch\/site\/wp-json\/wp\/v2\/media?parent=2275"}],"curies":[{"name":"wp","href":"https:\/\/api.w.org\/{rel}","templated":true}]}}