{"id":731,"date":"2025-08-28T08:00:32","date_gmt":"2025-08-28T06:00:32","guid":{"rendered":"https:\/\/qantumthemes.xyz\/kentha\/demo11\/artist-home\/"},"modified":"2025-09-07T09:29:58","modified_gmt":"2025-09-07T07:29:58","slug":"credits","status":"publish","type":"page","link":"https:\/\/www.artofflight.ch\/site\/credits\/","title":{"rendered":"Cr\u00e9dits"},"content":{"rendered":"\t\t<div data-elementor-type=\"wp-page\" data-elementor-id=\"731\" class=\"elementor elementor-731\">\n\t\t\t\t\t\t<section class=\"elementor-section elementor-top-section elementor-element elementor-element-45984bf elementor-section-height-min-height elementor-section-boxed elementor-section-height-default elementor-section-items-middle elementor-invisible\" data-id=\"45984bf\" data-element_type=\"section\" data-settings=\"{&quot;background_background&quot;:&quot;classic&quot;,&quot;animation&quot;:&quot;fadeIn&quot;}\">\n\t\t\t\t\t\t\t<div class=\"elementor-background-overlay\"><\/div>\n\t\t\t\t\t\t\t<div class=\"elementor-container elementor-column-gap-default\">\n\t\t\t\t\t<div class=\"elementor-column elementor-col-100 elementor-top-column elementor-element elementor-element-6bbc62e\" data-id=\"6bbc62e\" data-element_type=\"column\">\n\t\t\t<div class=\"elementor-widget-wrap elementor-element-populated\">\n\t\t\t\t\t\t<div class=\"elementor-element elementor-element-093432a elementor-widget elementor-widget-heading\" data-id=\"093432a\" data-element_type=\"widget\" data-widget_type=\"heading.default\">\n\t\t\t\t\t<h1 class=\"elementor-heading-title elementor-size-default\">CREDITS VID\u00c9OS \/\/<br>TEASERS BY CESARE<\/h1>\t\t\t\t<\/div>\n\t\t\t\t\t<\/div>\n\t\t<\/div>\n\t\t\t\t\t<\/div>\n\t\t<\/section>\n\t\t\t\t<section class=\"elementor-section elementor-top-section elementor-element elementor-element-8723521 elementor-section-full_width elementor-section-height-default elementor-section-height-default\" data-id=\"8723521\" data-element_type=\"section\" data-settings=\"{&quot;shape_divider_top&quot;:&quot;tilt&quot;}\">\n\t\t\t\t\t<div class=\"elementor-shape elementor-shape-top\" aria-hidden=\"true\" data-negative=\"false\">\n\t\t\t<svg xmlns=\"http:\/\/www.w3.org\/2000\/svg\" viewBox=\"0 0 1000 100\" preserveAspectRatio=\"none\">\n\t<path class=\"elementor-shape-fill\" d=\"M0,6V0h1000v100L0,6z\"\/>\n<\/svg>\t\t<\/div>\n\t\t\t\t\t<div class=\"elementor-container elementor-column-gap-default\">\n\t\t\t\t\t<div class=\"elementor-column elementor-col-50 elementor-top-column elementor-element elementor-element-f7517c0\" data-id=\"f7517c0\" data-element_type=\"column\" data-settings=\"{&quot;background_background&quot;:&quot;classic&quot;}\">\n\t\t\t<div class=\"elementor-widget-wrap elementor-element-populated\">\n\t\t\t\t\t\t<div class=\"elementor-element elementor-element-d4e25ec elementor-widget elementor-widget-spacer\" data-id=\"d4e25ec\" data-element_type=\"widget\" data-widget_type=\"spacer.default\">\n\t\t\t\t\t\t\t<div class=\"elementor-spacer\">\n\t\t\t<div class=\"elementor-spacer-inner\"><\/div>\n\t\t<\/div>\n\t\t\t\t\t\t<\/div>\n\t\t\t\t\t<\/div>\n\t\t<\/div>\n\t\t\t\t<div class=\"elementor-column elementor-col-50 elementor-top-column elementor-element elementor-element-de24555\" data-id=\"de24555\" data-element_type=\"column\" data-settings=\"{&quot;background_background&quot;:&quot;classic&quot;}\">\n\t\t\t<div class=\"elementor-widget-wrap elementor-element-populated\">\n\t\t\t\t\t\t<section class=\"elementor-section elementor-inner-section elementor-element elementor-element-a413007 elementor-section-boxed elementor-section-height-default elementor-section-height-default\" data-id=\"a413007\" data-element_type=\"section\">\n\t\t\t\t\t\t<div class=\"elementor-container elementor-column-gap-default\">\n\t\t\t\t\t<div class=\"elementor-column elementor-col-100 elementor-inner-column elementor-element elementor-element-b81ad8e\" data-id=\"b81ad8e\" data-element_type=\"column\">\n\t\t\t<div class=\"elementor-widget-wrap elementor-element-populated\">\n\t\t\t\t\t\t<div class=\"elementor-element elementor-element-59b596c elementor-widget elementor-widget-heading\" data-id=\"59b596c\" data-element_type=\"widget\" data-widget_type=\"heading.default\">\n\t\t\t\t\t<h2 class=\"elementor-heading-title elementor-size-default\">TEASERS ARTOFFLIGHT<\/h2>\t\t\t\t<\/div>\n\t\t\t\t<div class=\"elementor-element elementor-element-a3f389e elementor-widget-divider--view-line elementor-widget elementor-widget-divider\" data-id=\"a3f389e\" data-element_type=\"widget\" data-widget_type=\"divider.default\">\n\t\t\t\t\t\t\t<div class=\"elementor-divider\">\n\t\t\t<span class=\"elementor-divider-separator\">\n\t\t\t\t\t\t<\/span>\n\t\t<\/div>\n\t\t\t\t\t\t<\/div>\n\t\t\t\t<div class=\"elementor-element elementor-element-53b2eb1 elementor-widget elementor-widget-text-editor\" data-id=\"53b2eb1\" data-element_type=\"widget\" data-widget_type=\"text-editor.default\">\n\t\t\t\t\t\t\t\t\t<p>Je m\u2019appelle Cesare Bordoli, vid\u00e9aste tessinois de 25 ans. Je travaille principalement dans l\u2019univers des clips musicaux, mais j\u2019aime explorer toutes les formes de r\u00e9cit audiovisuel. J\u2019ai \u00e9crit, r\u00e9alis\u00e9 et dirig\u00e9 un film, et pour cet \u00e9v\u00e9nement je me suis occup\u00e9 de toute la partie vid\u00e9o, en r\u00e9alisant plus de vingt interviews et teasers pour mettre en valeur chaque artiste et son parcours. Ma passion est de donner forme aux id\u00e9es et de les transformer en images et en histoires capables de laisser une empreinte.<\/p>\t\t\t\t\t\t\t\t<\/div>\n\t\t\t\t<div class=\"elementor-element elementor-element-2f36f40 elementor-widget elementor-widget-kentha-elementor-button\" data-id=\"2f36f40\" data-element_type=\"widget\" data-widget_type=\"kentha-elementor-button.default\">\n\t\t\t\t<div class=\"elementor-widget-container\">\n\t\t\t\t\t<a href=\"https:\/\/www.instagram.com\/cesarebordoli\/\" target=\"_blank\" class=\"btn kentha-btn qt-btn qt-btn-secondary  \"><span> SUIS-MOI SUR INSTAGRAM<\/span><\/a>\t\t\t\t<\/div>\n\t\t\t\t<\/div>\n\t\t\t\t\t<\/div>\n\t\t<\/div>\n\t\t\t\t\t<\/div>\n\t\t<\/section>\n\t\t\t\t\t<\/div>\n\t\t<\/div>\n\t\t\t\t\t<\/div>\n\t\t<\/section>\n\t\t\t\t<\/div>\n\t\t","protected":false},"excerpt":{"rendered":"<p>CREDITS VID\u00c9OS \/\/ TEASERS BY CESARE TEASERS ARTOFFLIGHT Je m\u2019appelle Cesare Bordoli, vid\u00e9aste tessinois de 25 ans. Je travaille principalement dans l\u2019univers des clips musicaux, mais j\u2019aime explorer toutes les formes de r\u00e9cit audiovisuel. J\u2019ai \u00e9crit, r\u00e9alis\u00e9 et dirig\u00e9 un film, et pour cet \u00e9v\u00e9nement je me suis occup\u00e9 de [&hellip;]<\/p>\n","protected":false},"author":1,"featured_media":0,"parent":0,"menu_order":0,"comment_status":"closed","ping_status":"closed","template":"page-visualcomposer.php","meta":{"footnotes":""},"class_list":["post-731","page","type-page","status-publish","hentry"],"_links":{"self":[{"href":"https:\/\/www.artofflight.ch\/site\/wp-json\/wp\/v2\/pages\/731","targetHints":{"allow":["GET"]}}],"collection":[{"href":"https:\/\/www.artofflight.ch\/site\/wp-json\/wp\/v2\/pages"}],"about":[{"href":"https:\/\/www.artofflight.ch\/site\/wp-json\/wp\/v2\/types\/page"}],"author":[{"embeddable":true,"href":"https:\/\/www.artofflight.ch\/site\/wp-json\/wp\/v2\/users\/1"}],"replies":[{"embeddable":true,"href":"https:\/\/www.artofflight.ch\/site\/wp-json\/wp\/v2\/comments?post=731"}],"version-history":[{"count":51,"href":"https:\/\/www.artofflight.ch\/site\/wp-json\/wp\/v2\/pages\/731\/revisions"}],"predecessor-version":[{"id":2027,"href":"https:\/\/www.artofflight.ch\/site\/wp-json\/wp\/v2\/pages\/731\/revisions\/2027"}],"wp:attachment":[{"href":"https:\/\/www.artofflight.ch\/site\/wp-json\/wp\/v2\/media?parent=731"}],"curies":[{"name":"wp","href":"https:\/\/api.w.org\/{rel}","templated":true}]}}