{"id":774,"date":"2025-08-08T08:00:35","date_gmt":"2025-08-08T06:00:35","guid":{"rendered":"https:\/\/qantumthemes.xyz\/kentha\/demo11\/events-home\/"},"modified":"2025-09-08T19:59:34","modified_gmt":"2025-09-08T17:59:34","slug":"home","status":"publish","type":"page","link":"https:\/\/www.artofflight.ch\/site\/","title":{"rendered":"Home"},"content":{"rendered":"\t\t<div data-elementor-type=\"wp-page\" data-elementor-id=\"774\" class=\"elementor elementor-774\">\n\t\t\t\t\t\t<section class=\"elementor-section elementor-top-section elementor-element elementor-element-3f268a0 elementor-section-height-min-height elementor-section-boxed elementor-section-height-default elementor-section-items-middle\" data-id=\"3f268a0\" data-element_type=\"section\" data-settings=\"{&quot;background_background&quot;:&quot;video&quot;,&quot;background_video_link&quot;:&quot;https:\\\/\\\/www.youtube.com\\\/watch?v=Q9KcDK5mb3o&quot;,&quot;background_video_start&quot;:30,&quot;background_video_end&quot;:60,&quot;shape_divider_bottom&quot;:&quot;waves&quot;}\">\n\t\t\t\t\t\t\t\t<div class=\"elementor-background-video-container elementor-hidden-mobile\" aria-hidden=\"true\">\n\t\t\t\t\t\t\t\t\t\t\t\t\t<div class=\"elementor-background-video-embed\"><\/div>\n\t\t\t\t\t\t\t\t\t\t\t\t<\/div>\n\t\t\t\t\t\t\t\t\t<div class=\"elementor-background-overlay\"><\/div>\n\t\t\t\t\t\t<div class=\"elementor-shape elementor-shape-bottom\" aria-hidden=\"true\" data-negative=\"false\">\n\t\t\t<svg xmlns=\"http:\/\/www.w3.org\/2000\/svg\" viewBox=\"0 0 1000 100\" preserveAspectRatio=\"none\">\n\t<path class=\"elementor-shape-fill\" d=\"M421.9,6.5c22.6-2.5,51.5,0.4,75.5,5.3c23.6,4.9,70.9,23.5,100.5,35.7c75.8,32.2,133.7,44.5,192.6,49.7\n\tc23.6,2.1,48.7,3.5,103.4-2.5c54.7-6,106.2-25.6,106.2-25.6V0H0v30.3c0,0,72,32.6,158.4,30.5c39.2-0.7,92.8-6.7,134-22.4\n\tc21.2-8.1,52.2-18.2,79.7-24.2C399.3,7.9,411.6,7.5,421.9,6.5z\"\/>\n<\/svg>\t\t<\/div>\n\t\t\t\t\t<div class=\"elementor-container elementor-column-gap-default\">\n\t\t\t\t\t<div class=\"elementor-column elementor-col-100 elementor-top-column elementor-element elementor-element-92c8f26\" data-id=\"92c8f26\" data-element_type=\"column\">\n\t\t\t<div class=\"elementor-widget-wrap elementor-element-populated\">\n\t\t\t\t\t\t<div class=\"elementor-element elementor-element-e5c9719 elementor-widget elementor-widget-heading\" data-id=\"e5c9719\" data-element_type=\"widget\" data-widget_type=\"heading.default\">\n\t\t\t\t\t<h2 class=\"elementor-heading-title elementor-size-default\">BIENVENUE SUR NOTRE SITE<\/h2>\t\t\t\t<\/div>\n\t\t\t\t<div class=\"elementor-element elementor-element-9b1dbf2 elementor-widget elementor-widget-kentha-elementor-section-caption\" data-id=\"9b1dbf2\" data-element_type=\"widget\" data-widget_type=\"kentha-elementor-section-caption.default\">\n\t\t\t\t<div class=\"elementor-widget-container\">\n\t\t\t\t\t\t\t<h2 id=\"qttabsdbfcac-artofflight\" class=\"qt-center qt-qttabsdbfcac-artofflight qt-textfx-wrap qt-fontsize-h1\">\n\t\t\t\t\t\t\t\t<span class=\"qt-txtfx qt-txtfx--ibiza\"><span  data-letters=\"ARTOFFLIGHT\">ARTOFFLIGHT<\/span><\/span>\n\t\t\t\t\t\t\t<\/h2>\n\t\t\t\t<div data-kentha-customstyles=\"\/* Shortcode dynamically generated CSS *\/\n\t\t\t\t\t.qt-qttabsdbfcac-artofflight .qt-txtfx--ibiza, .qt-qttabsdbfcac-artofflight .qt-txtfx--ibiza.qt-txtfxstart { color: #232323}\n\t\t\t\t\t.qt-qttabsdbfcac-artofflight .qt-txtfx--ibiza span::before { color: #FFFFFF}\n\t\t\t\t\t.qt-qttabsdbfcac-artofflight .qt-txtfx--ibiza::after { background: #630DFF}\"><\/div>\n\t\t\t\t\t\t<\/div>\n\t\t\t\t<\/div>\n\t\t\t\t\t<\/div>\n\t\t<\/div>\n\t\t\t\t\t<\/div>\n\t\t<\/section>\n\t\t\t\t<section class=\"elementor-section elementor-top-section elementor-element elementor-element-7e8b403 elementor-section-boxed elementor-section-height-default elementor-section-height-default\" data-id=\"7e8b403\" data-element_type=\"section\" data-settings=\"{&quot;background_background&quot;:&quot;classic&quot;}\">\n\t\t\t\t\t\t<div class=\"elementor-container elementor-column-gap-default\">\n\t\t\t\t\t<div class=\"elementor-column elementor-col-100 elementor-top-column elementor-element elementor-element-d22092b\" data-id=\"d22092b\" data-element_type=\"column\">\n\t\t\t<div class=\"elementor-widget-wrap elementor-element-populated\">\n\t\t\t\t\t\t<div class=\"elementor-element elementor-element-8b9d384 elementor-widget elementor-widget-kentha-elementor-section-caption\" data-id=\"8b9d384\" data-element_type=\"widget\" data-widget_type=\"kentha-elementor-section-caption.default\">\n\t\t\t\t<div class=\"elementor-widget-container\">\n\t\t\t\t\t\t\t<h2 id=\"qttabsdbfcac-notre-histoire\" class=\"qt-center qt-qttabsdbfcac-notre-histoire qt-textfx-wrap qt-fontsize-h1\">\n\t\t\t\t\t\t\t\t<span class=\"qt-txtfx qt-txtfx--ibiza\"><span  data-letters=\"NOTRE HISTOIRE\">NOTRE HISTOIRE<\/span><\/span>\n\t\t\t\t\t\t\t<\/h2>\n\t\t\t\t<div data-kentha-customstyles=\"\/* Shortcode dynamically generated CSS *\/\n\t\t\t\t\t.qt-qttabsdbfcac-notre-histoire .qt-txtfx--ibiza, .qt-qttabsdbfcac-notre-histoire .qt-txtfx--ibiza.qt-txtfxstart { color: #232323}\n\t\t\t\t\t.qt-qttabsdbfcac-notre-histoire .qt-txtfx--ibiza span::before { color: #FFFFFF}\n\t\t\t\t\t.qt-qttabsdbfcac-notre-histoire .qt-txtfx--ibiza::after { background: #630DFF}\"><\/div>\n\t\t\t\t\t\t<\/div>\n\t\t\t\t<\/div>\n\t\t\t\t<div class=\"elementor-element elementor-element-5c7a420 elementor-widget__width-initial elementor-widget elementor-widget-text-editor\" data-id=\"5c7a420\" data-element_type=\"widget\" data-widget_type=\"text-editor.default\">\n\t\t\t\t\t\t\t\t\t<div style=\"font-size: 1.3rem!important;\">\n<p><strong>Nous sommes deux jeunes femmes suisses anim\u00e9es par l&rsquo;envie de mettre en lumi\u00e8re les talents artistiques de notre pays. L&rsquo;id\u00e9e de ce projet est n\u00e9e d&rsquo;une exp\u00e9rience personnelle : l&rsquo;une d&rsquo;entre nous est chanteuse, mais malgr\u00e9 la qualit\u00e9 de sa musique, elle rencontre des difficult\u00e9s \u00e0 se faire conna\u00eetre en Suisse.<\/strong><\/p><p><strong><br><\/strong><\/p>\n<p><strong>Cela nous a fait r\u00e9fl\u00e9chir\u2026 Combien d&rsquo;autres artistes talentueux vivent la m\u00eame chose ? C&rsquo;est pourquoi nous avons d\u00e9cid\u00e9 de cr\u00e9er un espace pour eux : un \u00e9v\u00e9nement o\u00f9 ils peuvent pr\u00e9senter leur art, rencontrer d&rsquo;autres artistes, et surtout, gagner en visibilit\u00e9.<\/strong><\/p>\n<\/div>\t\t\t\t\t\t\t\t<\/div>\n\t\t\t\t<div class=\"elementor-element elementor-element-88ef263 elementor-widget elementor-widget-kentha-elementor-section-caption\" data-id=\"88ef263\" data-element_type=\"widget\" data-widget_type=\"kentha-elementor-section-caption.default\">\n\t\t\t\t<div class=\"elementor-widget-container\">\n\t\t\t\t\t\t\t<h2 id=\"qttabsdbfcbf-notre-mission-est-de-donner-une-voix-et-une-visibilite-aux-artistes-suisses-qui-meritent-detre-decouverts-et-celebres\" class=\"qt-center qt-qttabsdbfcbf-notre-mission-est-de-donner-une-voix-et-une-visibilite-aux-artistes-suisses-qui-meritent-detre-decouverts-et-celebres qt-textfx-wrap qt-fontsize-h1\">\n\t\t\t\t\t\t\t\t\n\t\t\t\t\t<span class=\"qt-txtfx qt-txtfx--newyork\">Notre mission est de donner une voix et une visibilit\u00e9 aux artistes suisses qui m\u00e9ritent d&#039;\u00eatre d\u00e9couverts et c\u00e9l\u00e9br\u00e9s.<span data-letters=\"Notre mission est de donner une voix et une visibilit\u00e9 aux artistes suisses qui m\u00e9ritent d&#039;\u00eatre d\u00e9couverts et c\u00e9l\u00e9br\u00e9s.\"><\/span><span data-letters=\"Notre mission est de donner une voix et une visibilit\u00e9 aux artistes suisses qui m\u00e9ritent d&#039;\u00eatre d\u00e9couverts et c\u00e9l\u00e9br\u00e9s.\"><\/span><\/span>\n\t\t\t\t\t\t\t<\/h2>\n\t\t\t\t<div data-kentha-customstyles=\"\/* Shortcode dynamically generated CSS *\/\n\t\t\t\t\t.qt-qttabsdbfcbf-notre-mission-est-de-donner-une-voix-et-une-visibilite-aux-artistes-suisses-qui-meritent-detre-decouverts-et-celebres .qt-txtfx--newyork { color: #232323}\n\t\t\t\t\t.qt-qttabsdbfcbf-notre-mission-est-de-donner-une-voix-et-une-visibilite-aux-artistes-suisses-qui-meritent-detre-decouverts-et-celebres .qt-txtfx--newyork span::before { color: #BF36B4}\n\t\t\t\t\t.qt-qttabsdbfcbf-notre-mission-est-de-donner-une-voix-et-une-visibilite-aux-artistes-suisses-qui-meritent-detre-decouverts-et-celebres .qt-txtfx--newyork::before { background: #630DFF}\"><\/div>\n\t\t\t\t\t\t<\/div>\n\t\t\t\t<\/div>\n\t\t\t\t\t<\/div>\n\t\t<\/div>\n\t\t\t\t\t<\/div>\n\t\t<\/section>\n\t\t\t\t<section class=\"elementor-section elementor-top-section elementor-element elementor-element-237294c elementor-section-height-min-height elementor-section-boxed elementor-section-height-default elementor-section-items-middle\" data-id=\"237294c\" data-element_type=\"section\" data-settings=\"{&quot;background_background&quot;:&quot;video&quot;,&quot;background_video_link&quot;:&quot;https:\\\/\\\/www.youtube.com\\\/watch?v=Q9KcDK5mb3o&quot;,&quot;shape_divider_top&quot;:&quot;waves&quot;,&quot;shape_divider_bottom&quot;:&quot;waves&quot;}\">\n\t\t\t\t\t\t\t\t<div class=\"elementor-background-video-container elementor-hidden-mobile\" aria-hidden=\"true\">\n\t\t\t\t\t\t\t\t\t\t\t\t\t<div class=\"elementor-background-video-embed\"><\/div>\n\t\t\t\t\t\t\t\t\t\t\t\t<\/div>\n\t\t\t\t\t\t\t\t\t<div class=\"elementor-background-overlay\"><\/div>\n\t\t\t\t\t\t<div class=\"elementor-shape elementor-shape-top\" aria-hidden=\"true\" data-negative=\"false\">\n\t\t\t<svg xmlns=\"http:\/\/www.w3.org\/2000\/svg\" viewBox=\"0 0 1000 100\" preserveAspectRatio=\"none\">\n\t<path class=\"elementor-shape-fill\" d=\"M421.9,6.5c22.6-2.5,51.5,0.4,75.5,5.3c23.6,4.9,70.9,23.5,100.5,35.7c75.8,32.2,133.7,44.5,192.6,49.7\n\tc23.6,2.1,48.7,3.5,103.4-2.5c54.7-6,106.2-25.6,106.2-25.6V0H0v30.3c0,0,72,32.6,158.4,30.5c39.2-0.7,92.8-6.7,134-22.4\n\tc21.2-8.1,52.2-18.2,79.7-24.2C399.3,7.9,411.6,7.5,421.9,6.5z\"\/>\n<\/svg>\t\t<\/div>\n\t\t\t\t<div class=\"elementor-shape elementor-shape-bottom\" aria-hidden=\"true\" data-negative=\"false\">\n\t\t\t<svg xmlns=\"http:\/\/www.w3.org\/2000\/svg\" viewBox=\"0 0 1000 100\" preserveAspectRatio=\"none\">\n\t<path class=\"elementor-shape-fill\" d=\"M421.9,6.5c22.6-2.5,51.5,0.4,75.5,5.3c23.6,4.9,70.9,23.5,100.5,35.7c75.8,32.2,133.7,44.5,192.6,49.7\n\tc23.6,2.1,48.7,3.5,103.4-2.5c54.7-6,106.2-25.6,106.2-25.6V0H0v30.3c0,0,72,32.6,158.4,30.5c39.2-0.7,92.8-6.7,134-22.4\n\tc21.2-8.1,52.2-18.2,79.7-24.2C399.3,7.9,411.6,7.5,421.9,6.5z\"\/>\n<\/svg>\t\t<\/div>\n\t\t\t\t\t<div class=\"elementor-container elementor-column-gap-wider\">\n\t\t\t\t\t<div class=\"elementor-column elementor-col-100 elementor-top-column elementor-element elementor-element-ebc7610\" data-id=\"ebc7610\" data-element_type=\"column\">\n\t\t\t<div class=\"elementor-widget-wrap elementor-element-populated\">\n\t\t\t\t\t\t<div class=\"elementor-element elementor-element-925b248 elementor-widget-divider--view-line_text elementor-widget-divider--separator-type-pattern elementor-widget-divider--element-align-center elementor-widget elementor-widget-divider\" data-id=\"925b248\" data-element_type=\"widget\" data-widget_type=\"divider.default\">\n\t\t\t\t\t\t\t<div class=\"elementor-divider\" style=\"--divider-pattern-url: url(&quot;data:image\/svg+xml,%3Csvg xmlns=&#039;http:\/\/www.w3.org\/2000\/svg&#039; preserveAspectRatio=&#039;none&#039; overflow=&#039;visible&#039; height=&#039;100%&#039; viewBox=&#039;0 0 24 24&#039; fill=&#039;none&#039; stroke=&#039;black&#039; stroke-width=&#039;3&#039; stroke-linecap=&#039;square&#039; stroke-miterlimit=&#039;10&#039;%3E%3Cpath d=&#039;M0,6c6,0,0.9,11.1,6.9,11.1S18,6,24,6&#039;\/%3E%3C\/svg%3E&quot;);\">\n\t\t\t<span class=\"elementor-divider-separator\">\n\t\t\t\t\t\t\t<span class=\"elementor-divider__text elementor-divider__element\">\n\t\t\t\tD\u00c9COUVREZ NOTRE TEASER\t\t\t\t<\/span>\n\t\t\t\t\t\t<\/span>\n\t\t<\/div>\n\t\t\t\t\t\t<\/div>\n\t\t\t\t<section class=\"elementor-section elementor-inner-section elementor-element elementor-element-ce586d9 elementor-section-boxed elementor-section-height-default elementor-section-height-default\" data-id=\"ce586d9\" data-element_type=\"section\">\n\t\t\t\t\t\t<div class=\"elementor-container elementor-column-gap-default\">\n\t\t\t\t\t<div class=\"elementor-column elementor-col-100 elementor-inner-column elementor-element elementor-element-46981da qw-disableembedding\" data-id=\"46981da\" data-element_type=\"column\" data-settings=\"{&quot;background_background&quot;:&quot;classic&quot;}\">\n\t\t\t<div class=\"elementor-widget-wrap elementor-element-populated\">\n\t\t\t\t\t\t<div class=\"elementor-element elementor-element-0628454 elementor-widget elementor-widget-video\" data-id=\"0628454\" data-element_type=\"widget\" data-settings=\"{&quot;video_type&quot;:&quot;hosted&quot;,&quot;controls&quot;:&quot;yes&quot;}\" data-widget_type=\"video.default\">\n\t\t\t\t\t\t\t<div class=\"e-hosted-video elementor-wrapper elementor-open-inline\">\n\t\t\t\t\t<video class=\"elementor-video\" src=\"https:\/\/www.artofflight.ch\/site\/wp-content\/uploads\/2025\/09\/teaser.mp4\" controls=\"\" preload=\"none\" controlsList=\"nodownload\" poster=\"https:\/\/www.artofflight.ch\/site\/wp-content\/uploads\/2025\/09\/teaser-preview.jpg\"><\/video>\n\t\t\t\t<\/div>\n\t\t\t\t\t\t<\/div>\n\t\t\t\t\t<\/div>\n\t\t<\/div>\n\t\t\t\t\t<\/div>\n\t\t<\/section>\n\t\t\t\t\t<\/div>\n\t\t<\/div>\n\t\t\t\t\t<\/div>\n\t\t<\/section>\n\t\t\t\t<section class=\"elementor-section elementor-top-section elementor-element elementor-element-3439e4af elementor-section-full_width elementor-section-height-default elementor-section-height-default\" data-id=\"3439e4af\" data-element_type=\"section\" data-settings=\"{&quot;background_background&quot;:&quot;classic&quot;}\">\n\t\t\t\t\t\t\t<div class=\"elementor-background-overlay\"><\/div>\n\t\t\t\t\t\t\t<div class=\"elementor-container elementor-column-gap-default\">\n\t\t\t\t\t<div class=\"elementor-column elementor-col-100 elementor-top-column elementor-element elementor-element-fd46189\" data-id=\"fd46189\" data-element_type=\"column\">\n\t\t\t<div class=\"elementor-widget-wrap elementor-element-populated\">\n\t\t\t\t\t\t<div class=\"elementor-element elementor-element-110a6010 elementor-widget__width-inherit elementor-widget elementor-widget-kentha-elementor-section-caption\" data-id=\"110a6010\" data-element_type=\"widget\" data-widget_type=\"kentha-elementor-section-caption.default\">\n\t\t\t\t<div class=\"elementor-widget-container\">\n\t\t\t\t\t\t\t<h2 id=\"qttabsdbfcba-nous-vous-souhaitons-une-excellente-visite-sur-artofflight\" class=\"qt-center qt-qttabsdbfcba-nous-vous-souhaitons-une-excellente-visite-sur-artofflight qt-textfx-wrap qt-fontsize-h1\">\n\t\t\t\t\t\t\t\t\n\t\t\t\t\t<span class=\"qt-txtfx qt-txtfx--newyork\">NOUS VOUS SOUHAITONS UNE EXCELLENTE VISITE SUR ARTOFFLIGHT !<span data-letters=\"NOUS VOUS SOUHAITONS UNE EXCELLENTE VISITE SUR ARTOFFLIGHT !\"><\/span><span data-letters=\"NOUS VOUS SOUHAITONS UNE EXCELLENTE VISITE SUR ARTOFFLIGHT !\"><\/span><\/span>\n\t\t\t\t\t\t\t<\/h2>\n\t\t\t\t<div data-kentha-customstyles=\"\/* Shortcode dynamically generated CSS *\/\n\t\t\t\t\t.qt-qttabsdbfcba-nous-vous-souhaitons-une-excellente-visite-sur-artofflight .qt-txtfx--newyork { color: #dedede}\n\t\t\t\t\t.qt-qttabsdbfcba-nous-vous-souhaitons-une-excellente-visite-sur-artofflight .qt-txtfx--newyork span::before { color: #FFFFFF}\n\t\t\t\t\t.qt-qttabsdbfcba-nous-vous-souhaitons-une-excellente-visite-sur-artofflight .qt-txtfx--newyork::before { background: #FF0D60}\"><\/div>\n\t\t\t\t\t\t<\/div>\n\t\t\t\t<\/div>\n\t\t\t\t\t<\/div>\n\t\t<\/div>\n\t\t\t\t\t<\/div>\n\t\t<\/section>\n\t\t\t\t<\/div>\n\t\t","protected":false},"excerpt":{"rendered":"<p>BIENVENUE SUR NOTRE SITE ARTOFFLIGHT NOTRE HISTOIRE Nous sommes deux jeunes femmes suisses anim\u00e9es par l&rsquo;envie de mettre en lumi\u00e8re les talents artistiques de notre pays. L&rsquo;id\u00e9e de ce projet est n\u00e9e d&rsquo;une exp\u00e9rience personnelle : l&rsquo;une d&rsquo;entre nous est chanteuse, mais malgr\u00e9 la qualit\u00e9 de sa musique, elle rencontre [&hellip;]<\/p>\n","protected":false},"author":1,"featured_media":0,"parent":0,"menu_order":0,"comment_status":"closed","ping_status":"closed","template":"page-visualcomposer.php","meta":{"footnotes":""},"class_list":["post-774","page","type-page","status-publish","hentry"],"_links":{"self":[{"href":"https:\/\/www.artofflight.ch\/site\/wp-json\/wp\/v2\/pages\/774","targetHints":{"allow":["GET"]}}],"collection":[{"href":"https:\/\/www.artofflight.ch\/site\/wp-json\/wp\/v2\/pages"}],"about":[{"href":"https:\/\/www.artofflight.ch\/site\/wp-json\/wp\/v2\/types\/page"}],"author":[{"embeddable":true,"href":"https:\/\/www.artofflight.ch\/site\/wp-json\/wp\/v2\/users\/1"}],"replies":[{"embeddable":true,"href":"https:\/\/www.artofflight.ch\/site\/wp-json\/wp\/v2\/comments?post=774"}],"version-history":[{"count":64,"href":"https:\/\/www.artofflight.ch\/site\/wp-json\/wp\/v2\/pages\/774\/revisions"}],"predecessor-version":[{"id":2255,"href":"https:\/\/www.artofflight.ch\/site\/wp-json\/wp\/v2\/pages\/774\/revisions\/2255"}],"wp:attachment":[{"href":"https:\/\/www.artofflight.ch\/site\/wp-json\/wp\/v2\/media?parent=774"}],"curies":[{"name":"wp","href":"https:\/\/api.w.org\/{rel}","templated":true}]}}